{"id":12,"date":"2024-06-21T21:28:54","date_gmt":"2024-06-21T19:28:54","guid":{"rendered":"http:\/\/asso-sport-mensah.com\/?page_id=12"},"modified":"2025-01-20T15:58:07","modified_gmt":"2025-01-20T14:58:07","slug":"accueil","status":"publish","type":"page","link":"https:\/\/asso-sport-mensah.com\/","title":{"rendered":"Accueil"},"content":{"rendered":"\t\t<div data-elementor-type=\"wp-page\" data-elementor-id=\"12\" class=\"elementor elementor-12\">\n\t\t\t\t<div class=\"elementor-element elementor-element-e3bfebb e-flex e-con-boxed e-con e-parent\" data-id=\"e3bfebb\" data-element_type=\"container\">\n\t\t\t\t\t<div class=\"e-con-inner\">\n\t\t\t\t<div class=\"elementor-element elementor-element-7cd45c2 elementor-widget elementor-widget-heading\" data-id=\"7cd45c2\" data-element_type=\"widget\" data-widget_type=\"heading.default\">\n\t\t\t\t<div class=\"elementor-widget-container\">\n\t\t\t\t\t<h2 class=\"elementor-heading-title elementor-size-default\"><a href=\"https:\/\/asso-sport-mensah.com\/index.php\/qui-sommes-nous\/\">Unissons nos Forces pour la jeunesse togolaise ! <\/a><\/h2>\t\t\t\t<\/div>\n\t\t\t\t<\/div>\n\t\t\t\t\t<\/div>\n\t\t\t\t<\/div>\n\t\t<div class=\"elementor-element elementor-element-3943483 e-flex e-con-boxed e-con e-parent\" data-id=\"3943483\" data-element_type=\"container\">\n\t\t\t\t\t<div class=\"e-con-inner\">\n\t\t\t\t<div class=\"elementor-element elementor-element-7c1e3df elementor-widget elementor-widget-text-editor\" data-id=\"7c1e3df\" data-element_type=\"widget\" data-widget_type=\"text-editor.default\">\n\t\t\t\t<div class=\"elementor-widget-container\">\n\t\t\t\t\t\t\t\t\t<p>Nous vous accueillons sur le site de l&#8217;Association Sportive Mensah, une organisation d\u00e9di\u00e9e \u00e0 soutenir les jeunes athl\u00e8tes et les \u00e9tablissements de sant\u00e9 au Togo. Fond\u00e9e par Gervais Mensah, ancien capitaine de l&#8217;\u00e9quipe nationale de basketball du Togo, notre association \u0153uvre pour offrir des ressources essentielles et am\u00e9liorer les conditions de vie au Togo.<\/p>\t\t\t\t\t\t\t\t<\/div>\n\t\t\t\t<\/div>\n\t\t\t\t<div class=\"elementor-element elementor-element-f59f83b elementor-widget elementor-widget-image\" data-id=\"f59f83b\" data-element_type=\"widget\" data-widget_type=\"image.default\">\n\t\t\t\t<div class=\"elementor-widget-container\">\n\t\t\t\t\t\t\t\t\t\t\t\t\t\t\t<img fetchpriority=\"high\" decoding=\"async\" width=\"640\" height=\"960\" src=\"https:\/\/asso-sport-mensah.com\/wp-content\/uploads\/2024\/08\/aboodi-vesakaran-w2gtVQdOHgs-unsplash-683x1024.jpg\" class=\"attachment-large size-large wp-image-189\" alt=\"\" srcset=\"https:\/\/asso-sport-mensah.com\/wp-content\/uploads\/2024\/08\/aboodi-vesakaran-w2gtVQdOHgs-unsplash-683x1024.jpg 683w, https:\/\/asso-sport-mensah.com\/wp-content\/uploads\/2024\/08\/aboodi-vesakaran-w2gtVQdOHgs-unsplash-200x300.jpg 200w, https:\/\/asso-sport-mensah.com\/wp-content\/uploads\/2024\/08\/aboodi-vesakaran-w2gtVQdOHgs-unsplash-768x1152.jpg 768w, https:\/\/asso-sport-mensah.com\/wp-content\/uploads\/2024\/08\/aboodi-vesakaran-w2gtVQdOHgs-unsplash-1024x1536.jpg 1024w, https:\/\/asso-sport-mensah.com\/wp-content\/uploads\/2024\/08\/aboodi-vesakaran-w2gtVQdOHgs-unsplash-1365x2048.jpg 1365w, https:\/\/asso-sport-mensah.com\/wp-content\/uploads\/2024\/08\/aboodi-vesakaran-w2gtVQdOHgs-unsplash-scaled.jpg 1707w\" sizes=\"(max-width: 640px) 100vw, 640px\" \/>\t\t\t\t\t\t\t\t\t\t\t\t\t\t\t<\/div>\n\t\t\t\t<\/div>\n\t\t\t\t\t<\/div>\n\t\t\t\t<\/div>\n\t\t<div class=\"elementor-element elementor-element-70d4f1f e-flex e-con-boxed e-con e-parent\" data-id=\"70d4f1f\" data-element_type=\"container\">\n\t\t\t\t\t<div class=\"e-con-inner\">\n\t\t\t\t<div class=\"elementor-element elementor-element-e9ddf47 elementor-widget-divider--view-line elementor-widget elementor-widget-divider\" data-id=\"e9ddf47\" data-element_type=\"widget\" data-widget_type=\"divider.default\">\n\t\t\t\t<div class=\"elementor-widget-container\">\n\t\t\t\t\t\t\t<div class=\"elementor-divider\">\n\t\t\t<span class=\"elementor-divider-separator\">\n\t\t\t\t\t\t<\/span>\n\t\t<\/div>\n\t\t\t\t\t\t<\/div>\n\t\t\t\t<\/div>\n\t\t\t\t\t<\/div>\n\t\t\t\t<\/div>\n\t\t<div class=\"elementor-element elementor-element-a37f7dd e-flex e-con-boxed e-con e-parent\" data-id=\"a37f7dd\" data-element_type=\"container\">\n\t\t\t\t\t<div class=\"e-con-inner\">\n\t\t\t\t<div class=\"elementor-element elementor-element-68a701f elementor-widget elementor-widget-heading\" data-id=\"68a701f\" data-element_type=\"widget\" data-widget_type=\"heading.default\">\n\t\t\t\t<div class=\"elementor-widget-container\">\n\t\t\t\t\t<h2 class=\"elementor-heading-title elementor-size-default\"><a href=\"https:\/\/asso-sport-mensah.com\/index.php\/actualite\/\">Actualit\u00e9s et \u00c9v\u00e9nements<\/a><\/h2>\t\t\t\t<\/div>\n\t\t\t\t<\/div>\n\t\t\t\t<div class=\"elementor-element elementor-element-e12fd34 elementor-widget elementor-widget-text-editor\" data-id=\"e12fd34\" data-element_type=\"widget\" data-widget_type=\"text-editor.default\">\n\t\t\t\t<div class=\"elementor-widget-container\">\n\t\t\t\t\t\t\t\t\t<p>Restez inform\u00e9 des derni\u00e8res nouvelles, des \u00e9v\u00e9nements \u00e0 venir, et des projets en cours de l&#8217;association. Consultez notre blog pour suivre l\u2019impact de vos contributions et les histoires inspirantes des b\u00e9n\u00e9ficiaires de notre soutien.<\/p>\t\t\t\t\t\t\t\t<\/div>\n\t\t\t\t<\/div>\n\t\t\t\t\t<\/div>\n\t\t\t\t<\/div>\n\t\t\t\t<\/div>\n\t\t","protected":false},"excerpt":{"rendered":"<p>Unissons nos Forces pour la jeunesse togolaise ! Nous vous accueillons sur le site de l&#8217;Association Sportive Mensah, une organisation d\u00e9di\u00e9e \u00e0 soutenir les jeunes athl\u00e8tes et les \u00e9tablissements de sant\u00e9 au Togo. Fond\u00e9e par Gervais Mensah, ancien capitaine de l&#8217;\u00e9quipe nationale de basketball du Togo, notre association \u0153uvre pour offrir des ressources essentielles et am\u00e9liorer les conditions de vie [&hellip;]<\/p>\n","protected":false},"author":2,"featured_media":0,"parent":0,"menu_order":0,"comment_status":"closed","ping_status":"closed","template":"","meta":{"_eb_attr":"","footnotes":""},"class_list":["post-12","page","type-page","status-publish","hentry"],"jetpack_sharing_enabled":true,"_links":{"self":[{"href":"https:\/\/asso-sport-mensah.com\/index.php\/wp-json\/wp\/v2\/pages\/12","targetHints":{"allow":["GET"]}}],"collection":[{"href":"https:\/\/asso-sport-mensah.com\/index.php\/wp-json\/wp\/v2\/pages"}],"about":[{"href":"https:\/\/asso-sport-mensah.com\/index.php\/wp-json\/wp\/v2\/types\/page"}],"author":[{"embeddable":true,"href":"https:\/\/asso-sport-mensah.com\/index.php\/wp-json\/wp\/v2\/users\/2"}],"replies":[{"embeddable":true,"href":"https:\/\/asso-sport-mensah.com\/index.php\/wp-json\/wp\/v2\/comments?post=12"}],"version-history":[{"count":25,"href":"https:\/\/asso-sport-mensah.com\/index.php\/wp-json\/wp\/v2\/pages\/12\/revisions"}],"predecessor-version":[{"id":357,"href":"https:\/\/asso-sport-mensah.com\/index.php\/wp-json\/wp\/v2\/pages\/12\/revisions\/357"}],"wp:attachment":[{"href":"https:\/\/asso-sport-mensah.com\/index.php\/wp-json\/wp\/v2\/media?parent=12"}],"curies":[{"name":"wp","href":"https:\/\/api.w.org\/{rel}","templated":true}]}}